{"id":20,"date":"2016-07-24T18:11:59","date_gmt":"2016-07-24T18:11:59","guid":{"rendered":"http:\/\/garten-landschaftspflege.info\/?page_id=20"},"modified":"2020-04-27T21:18:21","modified_gmt":"2020-04-27T21:18:21","slug":"ueber-uns","status":"publish","type":"page","link":"https:\/\/garten-landschaftspflege.info\/?page_id=20","title":{"rendered":"\u00fcber uns"},"content":{"rendered":"<p style=\"text-align: justify;\"><strong>Veikko Schoch<\/strong>, Gesch\u00e4ftsf\u00fchrer und Gr\u00fcnder von <strong>Veikko Schoch Garten- und Landschaftspflege<\/strong> in Vellberg. Zusammen mit meinen Mitarbeitern sind wir als Dienstleister in den Bereichen &#8222;Garten- und Landschaftspflege&#8220; und &#8222;Service rund ums Haus&#8220; im Landkreis Schw\u00e4bisch Hall t\u00e4tig. Bei unserem &#8222;Service rund ums Haus&#8220; bieten wir unseren Kunden sowohl die traditionelle Hausmeister-T\u00e4tigkeit an, als auch eine komplette Objektbetreuung in Abwesenheit des Kunden bspw. bei Urlaubs- oder Gesch\u00e4ftsreise.<\/p>\n\n<div class=\"wp-block-image\">\n<figure class=\"aligncenter\"><img loading=\"lazy\" width=\"706\" height=\"849\" src=\"https:\/\/garten-landschaftspflege.info\/wp-content\/uploads\/2020\/04\/Veikko-2.jpg\" alt=\"\" class=\"wp-image-128\" srcset=\"https:\/\/garten-landschaftspflege.info\/wp-content\/uploads\/2020\/04\/Veikko-2.jpg 706w, https:\/\/garten-landschaftspflege.info\/wp-content\/uploads\/2020\/04\/Veikko-2-249x300.jpg 249w\" sizes=\"(max-width: 706px) 100vw, 706px\" \/><figcaption>Veikko Schoch<\/figcaption><\/figure><\/div>","protected":false},"excerpt":{"rendered":"<p>Veikko Schoch, Gesch\u00e4ftsf\u00fchrer und Gr\u00fcnder von Veikko Schoch Garten- und Landschaftspflege in Vellberg. Zusammen mit meinen Mitarbeitern sind wir als Dienstleister in den Bereichen &#8222;Garten- und Landschaftspflege&#8220; und &#8222;Service rund ums Haus&#8220; im Landkreis Schw\u00e4bisch Hall t\u00e4tig. Bei unserem &#8222;Service<\/p>\n","protected":false},"author":1,"featured_media":0,"parent":0,"menu_order":0,"comment_status":"closed","ping_status":"closed","template":"","meta":[],"_links":{"self":[{"href":"https:\/\/garten-landschaftspflege.info\/index.php?rest_route=\/wp\/v2\/pages\/20"}],"collection":[{"href":"https:\/\/garten-landschaftspflege.info\/index.php?rest_route=\/wp\/v2\/pages"}],"about":[{"href":"https:\/\/garten-landschaftspflege.info\/index.php?rest_route=\/wp\/v2\/types\/page"}],"author":[{"embeddable":true,"href":"https:\/\/garten-landschaftspflege.info\/index.php?rest_route=\/wp\/v2\/users\/1"}],"replies":[{"embeddable":true,"href":"https:\/\/garten-landschaftspflege.info\/index.php?rest_route=%2Fwp%2Fv2%2Fcomments&post=20"}],"version-history":[{"count":10,"href":"https:\/\/garten-landschaftspflege.info\/index.php?rest_route=\/wp\/v2\/pages\/20\/revisions"}],"predecessor-version":[{"id":130,"href":"https:\/\/garten-landschaftspflege.info\/index.php?rest_route=\/wp\/v2\/pages\/20\/revisions\/130"}],"wp:attachment":[{"href":"https:\/\/garten-landschaftspflege.info\/index.php?rest_route=%2Fwp%2Fv2%2Fmedia&parent=20"}],"curies":[{"name":"wp","href":"https:\/\/api.w.org\/{rel}","templated":true}]}}